{"id":661,"date":"2012-09-30T14:32:18","date_gmt":"2012-09-30T17:32:18","guid":{"rendered":"http:\/\/www.shibarimania.com\/testi\/?page_id=661"},"modified":"2019-10-07T18:09:15","modified_gmt":"2019-10-07T21:09:15","slug":"osada-ryu","status":"publish","type":"page","link":"https:\/\/www.kinbakumania.com\/pt\/osada-ryu\/","title":{"rendered":"Osada-Ryu \u9577\u7530\u6d41"},"content":{"rendered":"<p class=\"qtranxs-available-languages-message qtranxs-available-languages-message-pt\">Desculpe-nos, mas este texto esta apenas dispon\u00edvel em <a href=\"https:\/\/www.kinbakumania.com\/es\/wp-json\/wp\/v2\/pages\/661\" class=\"qtranxs-available-language-link qtranxs-available-language-link-es\" title=\"Espa\u00f1ol\">Espa\u00f1ol<\/a> y <a href=\"https:\/\/www.kinbakumania.com\/en\/wp-json\/wp\/v2\/pages\/661\" class=\"qtranxs-available-language-link qtranxs-available-language-link-en\" title=\"English\">English<\/a>. For the sake of viewer convenience, the content is shown below in this site default language. You may click one of the links to switch the site language to another available language.<\/p><p><span style=\"text-decoration: underline;\"><span style=\"font-family: verdana, geneva, sans-serif;\"><strong><span style=\"font-size: large;\">Acerca de Osada-Ryu (<span style=\"color: #000000; text-decoration: underline;\">\u9577\u7530\u6d41<\/span>):<\/span><\/strong><\/span><\/span><\/p>\n<p><a href=\"http:\/\/osada-ryu.com\/Osada-ryu_Training\/\"><img decoding=\"async\" class=\"alignleft wp-image-632 size-full\" title=\"Osada Steve Sensei\" src=\"https:\/\/www.kinbakumania.com\/wp-content\/uploads\/2012\/09\/osada-steve-sensei.jpg\" alt=\"\" width=\"163\" height=\"228\" \/><\/a><\/p>\n<p><span style=\"font-family: verdana, geneva, sans-serif; font-size: medium;\">Osada Steve\uff08\u9577\u7530\u30b9\u30c6\u30a3\u30fc\u30d6\uff09es reconocido como un Maestro indiscutible\u00a0en la comunidad mundial de Shibari. En su trabajo, se destaca el \u00e9nfasis en la conexi\u00f3n espiritual y emocional con la modelo, d\u00e1ndole absoluta prioridad a su seguridad y bienestar. Tambi\u00e9n le da una gran importancia al discernimiento de los principios de la cultura japonesa, que son inherentes al trabajo con las cuerdas.<\/span><\/p>\n<p><span style=\"font-size: medium; font-family: verdana, geneva, sans-serif;\"> En 1998 conoci\u00f3 al legendario Gran Maestro de Shibari, el difunto Eikichi Osada (\u957f \u7530\u82f1\u5409), y se convirti\u00f3 en su deshi (disc\u00edpulo). Estudi\u00f3 su estilo de Shibari hasta que Osada Eikichi se retir\u00f3 de la escena en 2001, momento en que se convirti\u00f3 en su sucesor. \u00a0Posteriormente estudi\u00f3 bajo la tutela del fallecido Akechi Denki (\u660e\u667a\u4f1d\u9b3c), del Gran Maestro Yukimura Haruki (\u96ea\u6751\u6625\u6a39), y de Nawashi Kanna (\u7e04\u5e2b\u795e\u51ea).<\/span><\/p>\n<p><span style=\"font-family: verdana, geneva, sans-serif; font-size: medium;\">Tradicionalmente en Jap\u00f3n, el Shibari y el Kinbaku han sido ense\u00f1ados \u00a0de forma individual, transmiti\u00e9ndose de Maestro a deshi, adquiri\u00e9ndo este \u00faltimo los conocimientos mediante la observaci\u00f3n y \u201crobando\u201d las t\u00e9cnicas y los conceptos de su Maestro.\u00a0 Este sistema tradicional tiene sus ventajas. Durante el aprendizaje, el estudiante tambi\u00e9n adquirir\u00e1 una s\u00f3lida base sobre los aspectos psicol\u00f3gicos y filos\u00f3ficos que ese Maestro en particular emplea en sus ataduras. Sin embargo, este camino no suele estar al alcance de\u00a0los occidentales, ya que existe una cantidad muy limitada de Maestros japoneses y adem\u00e1s uno deber\u00eda vivir en Jap\u00f3n y hablar japon\u00e9s.<\/span><\/p>\n<p><span style=\"font-family: verdana, geneva, sans-serif; font-size: medium;\">Osada-ryu ha sido pensado para brindar una formaci\u00f3n de alto nivel, basado en el m\u00e9todo tradicional para estudiantes occidentales, que va m\u00e1s all\u00e1 del estilo de ense\u00f1anza del tipo \u201cesta cuerda pasa por aqu\u00ed&#8221;, ya que incluye los porqu\u00e9s y los c\u00f3mos.<\/span><\/p>\n<p><span style=\"font-size: medium; font-family: verdana, geneva, sans-serif;\">Osada-ryu es un sistema completo de ense\u00f1anza de Shibari y Kinbaku desarrollado por Osada Steve, basado en sus a\u00f1os de experiencia trabajando como artista profesional de las cuerdas en Jap\u00f3n y en su formaci\u00f3n con algunos de los Grandes Maestros de Shibari, incluyendo a Osada Eikichi, Akechi Denki y Yukimura Haruki.\u00a0 Es gracias a esta amplia trayectoria que Osada-ryu se vuelve \u00fanico, proporcionando t\u00e9cnicas s\u00f3lidas en m\u00e1s de un aspecto del Shibari y el Kinbaku, que incluyen Tsuri (suspensiones y progresiones dentro de las suspensiones o suspensiones progresivas) y Newaza (el tierno estilo de las ataduras sobre el suelo).<\/span><\/p>\n<p><span style=\"font-size: medium; font-family: verdana, geneva, sans-serif;\">El sistema est\u00e1 dise\u00f1ado con Kyu (grados), al igual que en las artes marciales japonesas tradicionales. Existen requisitos para pasar cada nivel, con criterios que incluyen destreza t\u00e9cnica, velocidad y eficiencia, fluidez, comunicaci\u00f3n y est\u00e9tica. En cada uno de ellos se ense\u00f1an t\u00e9cnicas y conceptos que se profundizan en los niveles superiores.\u00a0 Las t\u00e9cnicas que se ense\u00f1an no est\u00e1n dise\u00f1adas para \u201catar y tontear\u201d, sino que est\u00e1n pensadas para que el alumno adquiera un nivel de idoneidad y aptitud equivalente a un artista profesional de las cuerdas japon\u00e9s.<\/span><\/p>\n<p><span style=\"font-size: medium; font-family: verdana, geneva, sans-serif;\"><span style=\"text-decoration: underline;\"><strong><a href=\"http:\/\/www.kinbakumania.com\/nuestras-traducciones\">Traducido al espa\u00f1ol<\/a><\/strong><\/span> por<img decoding=\"async\" class=\"alignnone\" title=\"cameliaanimadakg6\" src=\"https:\/\/www.kinbakumania.com\/wp-content\/uploads\/2012\/08\/cameliaanimadakg61.gif\" alt=\"\" width=\"32\" height=\"57\" \/><span style=\"text-decoration: underline;\"><strong style=\"font-size: medium;\"><a href=\"https:\/\/www.kinbakumania.com\/harutsubaki-%e6%98%a5%e6%a4%bf\">Haru Tsubaki<\/a><\/strong><\/span><img decoding=\"async\" class=\"alignnone\" style=\"font-size: medium;\" src=\"https:\/\/www.kinbakumania.com\/wp-content\/uploads\/2013\/06\/TsubakinoHanko.gif\" alt=\"HaruTsubaki\" width=\"60\" height=\"60\" border=\"0\" \/><\/span><\/p>","protected":false},"excerpt":{"rendered":"Desculpe-nos, mas este texto esta apenas dispon\u00edvel em Espa\u00f1ol y English. For the sake of viewer convenience, the content is shown below in \n<a class=\"moretag\" href=\"https:\/\/www.kinbakumania.com\/pt\/osada-ryu\/\"> [...]<\/a>","protected":false},"author":2,"featured_media":0,"parent":0,"menu_order":0,"comment_status":"closed","ping_status":"closed","template":"","meta":{"footnotes":""},"class_list":["post-661","page","type-page","status-publish","hentry"],"_links":{"self":[{"href":"https:\/\/www.kinbakumania.com\/pt\/wp-json\/wp\/v2\/pages\/661","targetHints":{"allow":["GET"]}}],"collection":[{"href":"https:\/\/www.kinbakumania.com\/pt\/wp-json\/wp\/v2\/pages"}],"about":[{"href":"https:\/\/www.kinbakumania.com\/pt\/wp-json\/wp\/v2\/types\/page"}],"author":[{"embeddable":true,"href":"https:\/\/www.kinbakumania.com\/pt\/wp-json\/wp\/v2\/users\/2"}],"replies":[{"embeddable":true,"href":"https:\/\/www.kinbakumania.com\/pt\/wp-json\/wp\/v2\/comments?post=661"}],"version-history":[{"count":0,"href":"https:\/\/www.kinbakumania.com\/pt\/wp-json\/wp\/v2\/pages\/661\/revisions"}],"wp:attachment":[{"href":"https:\/\/www.kinbakumania.com\/pt\/wp-json\/wp\/v2\/media?parent=661"}],"curies":[{"name":"wp","href":"https:\/\/api.w.org\/{rel}","templated":true}]}}